{"id":152,"date":"2024-09-23T14:08:37","date_gmt":"2024-09-23T17:08:37","guid":{"rendered":"https:\/\/learning.bet\/mx\/?page_id=152"},"modified":"2024-10-04T12:31:21","modified_gmt":"2024-10-04T18:31:21","slug":"cursos-gratis-de-apuestas-deportivas","status":"publish","type":"page","link":"https:\/\/cursos.apuestasclub.com\/mx\/","title":{"rendered":"Cursos Gr\u00e1tis de Apuestas Deportivas"},"content":{"rendered":"<p style=\"\">+200 mil alumnos eN todo El mundo desde 2010<\/p>\n<h1 style=\"\">Cursos gratuitos de Apuestas Deportivas<\/h1>\n<p style=\"\">Todo lo que necesitas saber para aprender y ganar dinero con las Apuestas Deportivas.<\/p>\n<p style=\"\">\u00bfQu\u00e9 hacemos?<\/p>\n<h2 style=\"\"><strong>Los mejores cursos de apuestas deportivas en un solo lugar<\/strong><\/h2>\n<p style=\"\">Si buscas cursos de apuestas deportivas, este es el lugar correcto. Puedes empezar ahora con nuestro curso gratuito, para eso, solo tendr\u00e1s que tocar en el bot\u00f3n aqu\u00ed debajo y empezar tu camino en las apuestas deportivas.<\/p>\n<p><span><img decoding=\"async\" alt=\"\" data-id=\"186\" width=\"500\" data-init-width=\"500\" height=\"500\" data-init-height=\"500\" title=\"educacion\" src=\"https:\/\/learning.bet\/mx\/wp-content\/uploads\/sites\/4\/2024\/09\/educacion.png\" data-width=\"500\" data-height=\"500\" style=\"aspect-ratio: auto 500 \/ 500;\" loading=\"lazy\"><\/span><\/p>\n<h4 style=\"\"><strong>Consejos honestos y directos<\/strong><\/h4>\n<p>Nuestros cursos suelen ser cortos, separamos solamente aquello que te va a aportar valor.<\/p>\n<h4 style=\"\"><strong>Evita casas de apuestas fraudulentas.<\/strong><\/h4>\n<p>Todas las casas de apuestas recomendadas son de confianza, exhaustivamente probadas por nuestros especialistas.<\/p>\n<h4 style=\"\"><strong>15+ a\u00f1os de experiencia en varios pa\u00edses del mundo.<\/strong><\/h4>\n<p>Somos especialistas en lo que hacemos, con m\u00e1s de una decada brindando consejos de apuestas deportivas.<\/p>\n<h2 style=\"\">Ya ayudamos a m\u00e1s de 200 mil personas a:<\/h2>\n<p><span><img decoding=\"async\" alt=\"\" data-id=\"187\" width=\"500\" data-init-width=\"500\" height=\"500\" data-init-height=\"500\" title=\"personas\" src=\"https:\/\/learning.bet\/mx\/wp-content\/uploads\/sites\/4\/2024\/09\/personas.png\" data-width=\"500\" data-height=\"500\" style=\"aspect-ratio: auto 500 \/ 500;\" loading=\"lazy\"><\/span><\/p>\n<p style=\"\">\u00bfPor qu\u00e9 hacemos esto?<\/p>\n<h2 style=\"\">Nos apasionan los deportes y ya fuimos principiantes<\/h2>\n<p style=\"\">Desde 2010 nos especializamos en entender mejor todo el ecosistema de las apuestas deportivas. Ya probamos miles de herramientas y sitios de apuestas diferentes. Te mostramos lo que hay de mejor en el mundo de las apuestas deportivas.<\/p>\n<p><span><img decoding=\"async\" alt=\"\" data-id=\"188\" width=\"500\" data-init-width=\"500\" height=\"500\" data-init-height=\"500\" title=\"desportos\" src=\"https:\/\/learning.bet\/mx\/wp-content\/uploads\/sites\/4\/2024\/09\/desportos.png\" data-width=\"500\" data-height=\"500\" style=\"aspect-ratio: auto 500 \/ 500;\" loading=\"lazy\"><\/span><\/p>\n<h2 style=\"\">Las mejores casas del mundo est\u00e1n a nuestro lado<\/h2>\n<p style=\"\">Aqu\u00ed no ver\u00e1s casas de apuestas de dudosa procedencia. Los sitios que recomendamos son de reconocimiento mundial, con a\u00f1os de trayectoria y con el respaldo de millones de usuarios en todo el munndo.<\/p>\n<p><span><img decoding=\"async\" alt=\"\" data-id=\"189\" width=\"500\" data-init-width=\"500\" height=\"500\" data-init-height=\"500\" title=\"casas\" src=\"https:\/\/learning.bet\/mx\/wp-content\/uploads\/sites\/4\/2024\/09\/casas.png\" data-width=\"500\" data-height=\"500\" style=\"aspect-ratio: auto 500 \/ 500;\" loading=\"lazy\"><\/span><\/p>\n<p style=\"\">Nuestros alumnos hablan por nosotros<\/p>\n<h2 style=\"\">O que eles dizem:<\/h2>\n<p style=\"\">Juggernautsurf<\/p>\n<h6 style=\"\"><\/h6>\n<p style=\"\">Llevo semanas pensando, hasta que hoy me decid\u00ed en hacer una cuenta, he visto, entrado al simulador, leo opiniones y me parece que tu video me ha sacado de mis dudas. Ya me suscrib\u00ed, quiero conocer este mundo y espero que este canal tuyo me ayude.<\/p>\n<p style=\"\">Jose Villa<\/p>\n<h6 style=\"\"><\/h6>\n<p style=\"\">Muy buen aporte, muy buena iniciativa, este tipo de video no estaban cuando conoc\u00ed el trading deportivo, muchas gracias @apuestasclub por estos aportes.<\/p>\n<p style=\"\"><strong><span style=\"--tcb-applied-color: rgb(248, 248, 248) !important; color: rgb(248, 248, 248) !important;\">Links de utilidad<\/span><span style=\"color: rgb(248, 248, 248) !important;\"><span style=\"--tcb-applied-color: rgb(248, 248, 248) !important;\"><span style=\"--tcb-text-highlight-color: #2ABB61 !important;\"><\/span><\/span><\/span><\/strong><\/p>\n<p style=\"\"><a href=\"https:\/\/apuestasclub.com\/mx\/\" target=\"_blank\" style=\"outline: none;\" data-tcb_hover_state_parent=\"\" rel=\"noopener\"><span style=\"color: rgb(248, 248, 248) !important;\"><span style=\"--tcb-applied-color: rgb(248, 248, 248) !important;\">Blog Apuestas Club MX<\/span><\/span><\/a><\/p>\n<p style=\"\"><a href=\"https:\/\/t.me\/tips_mx\" target=\"_blank\" style=\"outline: none;\" data-tcb_hover_state_parent=\"\" rel=\"noopener\"><span style=\"--tcb-applied-color: rgb(248, 248, 248) !important; color: rgb(248, 248, 248) !important;\">Telegram Tips MX<\/span><\/a><\/p>\n<p><span><img decoding=\"async\" alt=\"\" data-id=\"71\" width=\"180\" data-init-width=\"1883\" height=\"184\" data-init-height=\"1920\" title=\"LB-Mex-V-branca\" src=\"https:\/\/learning.bet\/mx\/wp-content\/uploads\/sites\/4\/2024\/06\/LB-Mex-V-branca.png\" data-width=\"180\" data-height=\"184\" style=\"aspect-ratio: auto 1883 \/ 1920;\" loading=\"lazy\"><\/span><\/p>\n<p style=\"\"><span style=\"font-family: Montserrat; --tcb-applied-color: rgb(248, 248, 248) !important; color: rgb(248, 248, 248) !important;\">\u00a9 Clube da Internet Esportiva LTDA &nbsp; \u2022 &nbsp;&nbsp;<strong><span>+18<\/span><\/strong> Apoyamos las apuestas responsables<\/span><\/p>\n","protected":false},"excerpt":{"rendered":"<p>+200 mil alumnos eN todo El mundo desde 2010 Cursos gratuitos de Apuestas Deportivas Todo lo que necesitas saber para aprender y ganar dinero con las Apuestas Deportivas. \u00bfQu\u00e9 hacemos? Los mejores cursos de apuestas deportivas en un solo lugar Si buscas cursos de apuestas deportivas, este es el lugar correcto. Puedes empezar ahora con [&hellip;]<\/p>\n","protected":false},"author":1,"featured_media":0,"parent":0,"menu_order":0,"comment_status":"closed","ping_status":"closed","template":"","meta":{"footnotes":""},"class_list":["post-152","page","type-page","status-publish","hentry","post-wrapper","thrv_wrapper"],"_links":{"self":[{"href":"https:\/\/cursos.apuestasclub.com\/mx\/wp-json\/wp\/v2\/pages\/152","targetHints":{"allow":["GET"]}}],"collection":[{"href":"https:\/\/cursos.apuestasclub.com\/mx\/wp-json\/wp\/v2\/pages"}],"about":[{"href":"https:\/\/cursos.apuestasclub.com\/mx\/wp-json\/wp\/v2\/types\/page"}],"author":[{"embeddable":true,"href":"https:\/\/cursos.apuestasclub.com\/mx\/wp-json\/wp\/v2\/users\/1"}],"replies":[{"embeddable":true,"href":"https:\/\/cursos.apuestasclub.com\/mx\/wp-json\/wp\/v2\/comments?post=152"}],"version-history":[{"count":1,"href":"https:\/\/cursos.apuestasclub.com\/mx\/wp-json\/wp\/v2\/pages\/152\/revisions"}],"predecessor-version":[{"id":237,"href":"https:\/\/cursos.apuestasclub.com\/mx\/wp-json\/wp\/v2\/pages\/152\/revisions\/237"}],"wp:attachment":[{"href":"https:\/\/cursos.apuestasclub.com\/mx\/wp-json\/wp\/v2\/media?parent=152"}],"curies":[{"name":"wp","href":"https:\/\/api.w.org\/{rel}","templated":true}]}}